{"id":8,"date":"2026-05-12T03:23:32","date_gmt":"2026-05-12T03:23:32","guid":{"rendered":"https:\/\/learnarize.com\/?page_id=8"},"modified":"2026-05-12T04:02:38","modified_gmt":"2026-05-12T04:02:38","slug":"ao88","status":"publish","type":"page","link":"https:\/\/learnarize.com\/","title":{"rendered":"AO88 &#8211; Trang AO88 Nh\u00e0 c\u00e1i ch\u00ednh th\u1ee9c &#8211; T\u1eb7ng 888K"},"content":{"rendered":"\t<div class=\"img has-hover x md-x lg-x y md-y lg-y\" id=\"image_40993324\">\n\t\t\t\t\t\t\t\t<div class=\"img-inner dark\" >\n\t\t\t<img loading=\"lazy\" decoding=\"async\" width=\"1920\" height=\"600\" src=\"https:\/\/learnarize.com\/wp-content\/uploads\/2026\/05\/banner.webp\" class=\"attachment-original size-original\" alt=\"banner ao88\" srcset=\"https:\/\/learnarize.com\/wp-content\/uploads\/2026\/05\/banner.webp 1920w, https:\/\/learnarize.com\/wp-content\/uploads\/2026\/05\/banner-300x94.webp 300w, https:\/\/learnarize.com\/wp-content\/uploads\/2026\/05\/banner-1024x320.webp 1024w, https:\/\/learnarize.com\/wp-content\/uploads\/2026\/05\/banner-768x240.webp 768w, https:\/\/learnarize.com\/wp-content\/uploads\/2026\/05\/banner-1536x480.webp 1536w\" sizes=\"auto, (max-width: 1920px) 100vw, 1920px\" \/>\t\t\t\t\t\t\n\t\t\t\t\t<\/div>\n\t\t\t\t\t\t\t\t\n<style>\n#image_40993324 {\n  width: 100%;\n}\n<\/style>\n\t<\/div>\n\t\n\t<section class=\"section\" id=\"section_1880602678\">\n\t\t<div class=\"bg section-bg fill bg-fill  bg-loaded\" >\n\n\t\t\t\n\t\t\t\n\t\t\t\n\n\t\t<\/div>\n\n\t\t\n\n\t\t<div class=\"section-content relative\">\n\t\t\t\n<div class=\"row\"  id=\"row-72104518\">\n\n\t<div id=\"col-1320217565\" class=\"col small-12 large-12\"  >\n\t\t\t\t<div class=\"col-inner\"  >\n\t\t\t\n\t\t\t\n<div class=\"container section-title-container\" ><h1 class=\"section-title section-title-center\"><b><\/b><span class=\"section-title-main\" >AO88 - Trang AO88 Nh\u00e0 c\u00e1i ch\u00ednh th\u1ee9c - T\u1eb7ng 555K<\/span><b><\/b><\/h1><\/div>\n<p><a href=\"https:\/\/learnarize.com\/\">AO88<\/a> l\u00e0 th\u01b0\u01a1ng hi\u1ec7u nh\u00e0 c\u00e1i tr\u1ef1c tuy\u1ebfn uy t\u00edn, ho\u1ea1t \u0111\u1ed9ng h\u1ee3p ph\u00e1p d\u01b0\u1edbi gi\u1ea5y ph\u00e9p do ch\u00ednh ph\u1ee7 Costa Rica c\u1ea5p, mang \u0111\u1ebfn s\u00e2n ch\u01a1i gi\u1ea3i tr\u00ed \u0111\u1eb3ng c\u1ea5p cho c\u1ed9ng \u0111\u1ed3ng \u0111am m\u00ea c\u00e1 c\u01b0\u1ee3c. V\u1edbi h\u1ec7 th\u1ed1ng b\u1ea3o m\u1eadt hi\u1ec7n \u0111\u1ea1i, giao di\u1ec7n chuy\u00ean nghi\u1ec7p v\u00e0 t\u1ed1c \u0111\u1ed9 giao d\u1ecbch nhanh ch\u00f3ng, AO88 kh\u00f4ng ch\u1ec9 t\u1ea1o s\u1ef1 an t\u00e2m m\u00e0 c\u00f2n n\u00e2ng t\u1ea7m tr\u1ea3i nghi\u1ec7m ng\u01b0\u1eddi ch\u01a1i. \u0110\u1eb7c bi\u1ec7t, th\u00e0nh vi\u00ean m\u1edbi s\u1ebd nh\u1eadn ngay \u01b0u \u0111\u00e3i h\u1ea5p d\u1eabn l\u00ean \u0111\u1ebfn 888K khi \u0111\u0103ng k\u00fd t\u00e0i kho\u1ea3n, m\u1edf ra c\u01a1 h\u1ed9i tham gia h\u00e0ng lo\u1ea1t s\u1ea3n ph\u1ea9m gi\u1ea3i tr\u00ed hot nh\u1ea5t hi\u1ec7n nay nh\u01b0 c\u00e1 c\u01b0\u1ee3c th\u1ec3 thao, casino tr\u1ef1c tuy\u1ebfn, x\u1ed5 s\u1ed1 v\u00e0 n\u1ed5 h\u0169 \u0111\u1ed5i th\u01b0\u1edfng. T\u1ef7 l\u1ec7 th\u01b0\u1edfng c\u1ea1nh tranh, khuy\u1ebfn m\u00e3i li\u00ean t\u1ee5c c\u00f9ng d\u1ecbch v\u1ee5 ch\u0103m s\u00f3c kh\u00e1ch h\u00e0ng t\u1eadn t\u00e2m 24\/7 gi\u00fap AO88 tr\u1edf th\u00e0nh l\u1ef1a ch\u1ecdn h\u00e0ng \u0111\u1ea7u cho nh\u1eefng ai mu\u1ed1n v\u1eeba gi\u1ea3i tr\u00ed v\u1eeba s\u0103n th\u01b0\u1edfng m\u1ed7i ng\u00e0y. Tham gia AO88 ngay h\u00f4m nay \u0111\u1ec3 chinh ph\u1ee5c m\u1ecdi gi\u1edbi h\u1ea1n chi\u1ebfn th\u1eafng!<\/p>\n\t\t<\/div>\n\t\t\t\t\t<\/div>\n\n\t\n<\/div>\n\t\t<\/div>\n\n\t\t\n<style>\n#section_1880602678 {\n  padding-top: 30px;\n  padding-bottom: 30px;\n}\n<\/style>\n\t<\/section>\n\t\n","protected":false},"excerpt":{"rendered":"","protected":false},"author":1,"featured_media":0,"parent":0,"menu_order":0,"comment_status":"closed","ping_status":"closed","template":"","meta":{"footnotes":""},"class_list":["post-8","page","type-page","status-publish","hentry"],"_links":{"self":[{"href":"https:\/\/learnarize.com\/index.php\/wp-json\/wp\/v2\/pages\/8","targetHints":{"allow":["GET"]}}],"collection":[{"href":"https:\/\/learnarize.com\/index.php\/wp-json\/wp\/v2\/pages"}],"about":[{"href":"https:\/\/learnarize.com\/index.php\/wp-json\/wp\/v2\/types\/page"}],"author":[{"embeddable":true,"href":"https:\/\/learnarize.com\/index.php\/wp-json\/wp\/v2\/users\/1"}],"replies":[{"embeddable":true,"href":"https:\/\/learnarize.com\/index.php\/wp-json\/wp\/v2\/comments?post=8"}],"version-history":[{"count":3,"href":"https:\/\/learnarize.com\/index.php\/wp-json\/wp\/v2\/pages\/8\/revisions"}],"predecessor-version":[{"id":25,"href":"https:\/\/learnarize.com\/index.php\/wp-json\/wp\/v2\/pages\/8\/revisions\/25"}],"wp:attachment":[{"href":"https:\/\/learnarize.com\/index.php\/wp-json\/wp\/v2\/media?parent=8"}],"curies":[{"name":"wp","href":"https:\/\/api.w.org\/{rel}","templated":true}]}}